{"id":732,"date":"2022-11-30T17:57:50","date_gmt":"2022-11-30T16:57:50","guid":{"rendered":"https:\/\/www.tookano.app\/legal-notice\/"},"modified":"2024-08-07T10:59:37","modified_gmt":"2024-08-07T08:59:37","slug":"legal-notice","status":"publish","type":"page","link":"https:\/\/www.tookano.app\/en\/legal-notice\/","title":{"rendered":"Legal Notice"},"content":{"rendered":"<section class=\"section section_content\">\n    <div class=\"content-block\">\n        <div class=\"content-block_container container content-block_container-no-img\">\n            <div class=\"content-block_content\">\n                                    <h2 class=\"second-title content_title\">Legal Notice<\/h2>\n                \n                                    <div class=\"content_p\">\n                        <h3 style=\"text-align: left;\">TOOKANO<\/h3>\n<p style=\"text-align: left;\">Headquarters : All\u00e9e du 09 novembre 1989 Z.A de la Garde \u2013 B\u00e2t 2 49240 AVRILL\u00c9<\/p>\n<p style=\"text-align: left;\">Phone number: +332.41.23.82.32<\/p>\n<p style=\"text-align: left;\">E-mail. contact@tookano.app<\/p>\n<p style=\"text-align: left;\">The Tookano website is managed and administered by WMB Company<\/p>\n<p style=\"text-align: left;\">Siret : RCS ANGERS 87872159600012 \u2013 VAT number : FR 68878721596<\/p>\n<p style=\"text-align: left;\">SAS with capital of 100.380,00 \u20ac<\/p>\n<p style=\"text-align: left;\">Director of publication: Philippe A\u00efn<\/p>\n<\/p>\n<h3 style=\"text-align: left;\">Hosting<\/h3>\n<p style=\"text-align: left;\">OVH<\/p>\n<p style=\"text-align: left;\">SAS with capital of 10 069 020 \u20ac<\/p>\n<p style=\"text-align: left;\">RCS Lille M\u00e9tropole 424 761 419 00045<\/p>\n<p style=\"text-align: left;\">Code APE 2620Z<\/p>\n<p style=\"text-align: left;\">VAT Number : FR 22 424 761 419<\/p>\n<p style=\"text-align: left;\">Headquarters : 2 rue Kellermann \u2013 59100 Roubaix \u2013 France<\/p>\n<\/p>\n<h3 style=\"text-align: left;\">Reproduction right<\/h3>\n<p style=\"text-align: left;\">Pursuant to the law of March 11, 1957 (art. 41) and the intellectual property code of July 1, 1992: All texts, illustrations, photographs, plans, drawings, animations, videos, sounds and content on this website may not be used or reproduced without obtaining permission from the publisher. For any request to reproduce or use elements contained on the website <a href=\"http:\/\/www.tookano.app\/\">www.tookano.app<\/a> and the webapp <a href=\"https:\/\/www.my.tookano.app\">my.tookano.app<\/a>: contact@tookano.app<\/p>\n<\/p>\n<h3 style=\"text-align: left;\">Privacy<\/h3>\n<p style=\"text-align: left;\">In accordance with the law of January 6, 1978 relating to data processing, files and freedoms, this website has been declared to the Commission Nationale Informatique et Libert\u00e9s. For any recovery of private information via forms on this website, you have the right to access, modify, rectify and delete data about you. To exercise this right, contact the contact details mentioned above.<\/p>\n<p style=\"text-align: left;\"><u>Link to our privacy policy<\/u><\/p>\n<\/p>\n<h3 style=\"text-align: left;\">Information about site forms<\/h3>\n<p style=\"text-align: left;\">The information collected on the forms is recorded in a file computerized by WMB Company for the management of our prospects as well as any request for information from a business manager.<\/p>\n<p style=\"text-align: left;\">They are kept for 2 years and are intended for the marketing, sales and communication department of the company established in France.<\/p>\n<p style=\"text-align: left;\">In accordance with \u201c<a href=\"https:\/\/www.cnil.fr\/fr\/la-loi-informatique-et-libertes\">The Data Protection Act<\/a>\u201d, you can exercise your right of access to data concerning you and have it rectified by contacting: WMB Company, All\u00e9e du 09 novembre 1989 \u2013 ZA de la Garde \u2013 Bat 2 \u2013 49240 Avrill\u00e9 \u2013 contact @tookano.app<\/p>\n<p style=\"text-align: left;\">We inform you of the existence of the \u201cBloctel\u201d telephone canvassing opposition list, on which you can register here: https:\/\/conso.bloctel.fr\/<\/p>\n<\/p>\n<h3 style=\"text-align: left;\">Information collection<\/h3>\n<div id=\"content\" class=\"page-content\" style=\"text-align: left;\">All information collected on this site is intended for &#8220;Tookano&#8221; You have the right to access, modify, rectify and delete data concerning you (art. 34 of the law &#8220;Informatique et Libert\u00e9s&#8221; of January 6 1978). For any request, send an email to: contact@tookano.app<\/div>\n                    <\/div>\n                \n                \n                            <\/div>\n\n                    <\/div>\n    <\/div>\n<\/section>","protected":false},"excerpt":{"rendered":"","protected":false},"author":1,"featured_media":0,"parent":0,"menu_order":0,"comment_status":"closed","ping_status":"closed","template":"","meta":{"footnotes":""},"class_list":["post-732","page","type-page","status-publish","hentry"],"acf":[],"yoast_head":"<!-- This site is optimized with the Yoast SEO plugin v22.8 - https:\/\/yoast.com\/wordpress\/plugins\/seo\/ -->\n<title>Legal Notice - Tookano<\/title>\n<meta name=\"robots\" content=\"index, follow, max-snippet:-1, max-image-preview:large, max-video-preview:-1\" \/>\n<link rel=\"canonical\" href=\"https:\/\/www.tookano.app\/en\/legal-notice\/\" \/>\n<meta property=\"og:locale\" content=\"en_US\" \/>\n<meta property=\"og:type\" content=\"article\" \/>\n<meta property=\"og:title\" content=\"Legal Notice - Tookano\" \/>\n<meta property=\"og:url\" content=\"https:\/\/www.tookano.app\/en\/legal-notice\/\" \/>\n<meta property=\"og:site_name\" content=\"Tookano\" \/>\n<meta property=\"article:modified_time\" content=\"2024-08-07T08:59:37+00:00\" \/>\n<meta name=\"twitter:card\" content=\"summary_large_image\" \/>\n<script type=\"application\/ld+json\" class=\"yoast-schema-graph\">{\"@context\":\"https:\/\/schema.org\",\"@graph\":[{\"@type\":\"WebPage\",\"@id\":\"https:\/\/www.tookano.app\/en\/legal-notice\/\",\"url\":\"https:\/\/www.tookano.app\/en\/legal-notice\/\",\"name\":\"Legal Notice - Tookano\",\"isPartOf\":{\"@id\":\"https:\/\/www.tookano.app\/en\/#website\"},\"datePublished\":\"2022-11-30T16:57:50+00:00\",\"dateModified\":\"2024-08-07T08:59:37+00:00\",\"breadcrumb\":{\"@id\":\"https:\/\/www.tookano.app\/en\/legal-notice\/#breadcrumb\"},\"inLanguage\":\"en-US\",\"potentialAction\":[{\"@type\":\"ReadAction\",\"target\":[\"https:\/\/www.tookano.app\/en\/legal-notice\/\"]}]},{\"@type\":\"BreadcrumbList\",\"@id\":\"https:\/\/www.tookano.app\/en\/legal-notice\/#breadcrumb\",\"itemListElement\":[{\"@type\":\"ListItem\",\"position\":1,\"name\":\"Accueil\",\"item\":\"https:\/\/www.tookano.app\/en\/\"},{\"@type\":\"ListItem\",\"position\":2,\"name\":\"Legal Notice\"}]},{\"@type\":\"WebSite\",\"@id\":\"https:\/\/www.tookano.app\/en\/#website\",\"url\":\"https:\/\/www.tookano.app\/en\/\",\"name\":\"Tookano\",\"description\":\"Pilotez vos r\u00e9seaux sociaux gr\u00e2ce \u00e0 l&#039;IA\",\"potentialAction\":[{\"@type\":\"SearchAction\",\"target\":{\"@type\":\"EntryPoint\",\"urlTemplate\":\"https:\/\/www.tookano.app\/en\/?s={search_term_string}\"},\"query-input\":\"required name=search_term_string\"}],\"inLanguage\":\"en-US\"}]}<\/script>\n<!-- \/ Yoast SEO plugin. -->","yoast_head_json":{"title":"Legal Notice - Tookano","robots":{"index":"index","follow":"follow","max-snippet":"max-snippet:-1","max-image-preview":"max-image-preview:large","max-video-preview":"max-video-preview:-1"},"canonical":"https:\/\/www.tookano.app\/en\/legal-notice\/","og_locale":"en_US","og_type":"article","og_title":"Legal Notice - Tookano","og_url":"https:\/\/www.tookano.app\/en\/legal-notice\/","og_site_name":"Tookano","article_modified_time":"2024-08-07T08:59:37+00:00","twitter_card":"summary_large_image","schema":{"@context":"https:\/\/schema.org","@graph":[{"@type":"WebPage","@id":"https:\/\/www.tookano.app\/en\/legal-notice\/","url":"https:\/\/www.tookano.app\/en\/legal-notice\/","name":"Legal Notice - Tookano","isPartOf":{"@id":"https:\/\/www.tookano.app\/en\/#website"},"datePublished":"2022-11-30T16:57:50+00:00","dateModified":"2024-08-07T08:59:37+00:00","breadcrumb":{"@id":"https:\/\/www.tookano.app\/en\/legal-notice\/#breadcrumb"},"inLanguage":"en-US","potentialAction":[{"@type":"ReadAction","target":["https:\/\/www.tookano.app\/en\/legal-notice\/"]}]},{"@type":"BreadcrumbList","@id":"https:\/\/www.tookano.app\/en\/legal-notice\/#breadcrumb","itemListElement":[{"@type":"ListItem","position":1,"name":"Accueil","item":"https:\/\/www.tookano.app\/en\/"},{"@type":"ListItem","position":2,"name":"Legal Notice"}]},{"@type":"WebSite","@id":"https:\/\/www.tookano.app\/en\/#website","url":"https:\/\/www.tookano.app\/en\/","name":"Tookano","description":"Pilotez vos r\u00e9seaux sociaux gr\u00e2ce \u00e0 l&#039;IA","potentialAction":[{"@type":"SearchAction","target":{"@type":"EntryPoint","urlTemplate":"https:\/\/www.tookano.app\/en\/?s={search_term_string}"},"query-input":"required name=search_term_string"}],"inLanguage":"en-US"}]}},"_links":{"self":[{"href":"https:\/\/www.tookano.app\/en\/wp-json\/wp\/v2\/pages\/732","targetHints":{"allow":["GET"]}}],"collection":[{"href":"https:\/\/www.tookano.app\/en\/wp-json\/wp\/v2\/pages"}],"about":[{"href":"https:\/\/www.tookano.app\/en\/wp-json\/wp\/v2\/types\/page"}],"author":[{"embeddable":true,"href":"https:\/\/www.tookano.app\/en\/wp-json\/wp\/v2\/users\/1"}],"replies":[{"embeddable":true,"href":"https:\/\/www.tookano.app\/en\/wp-json\/wp\/v2\/comments?post=732"}],"version-history":[{"count":5,"href":"https:\/\/www.tookano.app\/en\/wp-json\/wp\/v2\/pages\/732\/revisions"}],"predecessor-version":[{"id":3649,"href":"https:\/\/www.tookano.app\/en\/wp-json\/wp\/v2\/pages\/732\/revisions\/3649"}],"wp:attachment":[{"href":"https:\/\/www.tookano.app\/en\/wp-json\/wp\/v2\/media?parent=732"}],"curies":[{"name":"wp","href":"https:\/\/api.w.org\/{rel}","templated":true}]}}